            {"id":19973,"date":"2024-06-21T03:39:14","date_gmt":"2024-06-21T03:39:14","guid":{"rendered":"https:\/\/vinalares.com\/?post_type=product&#038;p=19973"},"modified":"2025-09-18T01:26:28","modified_gmt":"2025-09-18T01:26:28","slug":"malbec-lares","status":"publish","type":"product","link":"https:\/\/vinalares.com\/en\/product\/malbec-lares\/","title":{"rendered":"Vi\u00f1a Lares &#8211; Reserva &#8211; Malbec 2022"},"content":{"rendered":"","protected":false},"excerpt":{"rendered":"<p>100% Malbec - Manual Harvest<br \/>\nLuj\u00e1n de Cuyo, Mendoza.<br \/>\nFrench oak barrels for 6 months.<br \/>\nViolet color with red flashes.<br \/>\nHarmonious aromas of red (Cherry) and Black (Blackberry) fruit, figs and violets.<br \/>\nFresh, friendly, powerful, balanced on the palate, with a pleasant body and a fruity finish with a hint of coffee and tobacco.<\/p>","protected":false},"featured_media":19977,"comment_status":"open","ping_status":"closed","template":"","meta":[],"product_cat":[185],"product_tag":[],"class_list":{"0":"post-19973","1":"product","2":"type-product","3":"status-publish","4":"has-post-thumbnail","6":"product_cat-sin-categorizar","8":"first","9":"instock","10":"shipping-taxable","11":"purchasable","12":"product-type-simple"},"yoast_head":"<!-- This site is optimized with the Yoast SEO plugin v20.1 - https:\/\/yoast.com\/wordpress\/plugins\/seo\/ -->\n<title>Vi\u00f1a Lares - Reserva - Malbec 2022 - Vi\u00f1a Lares<\/title>\n<meta name=\"robots\" content=\"noindex, follow\" \/>\n<meta property=\"og:locale\" content=\"en_US\" \/>\n<meta property=\"og:type\" content=\"article\" \/>\n<meta property=\"og:title\" content=\"Vi\u00f1a Lares - Reserva - Malbec 2022 - Vi\u00f1a Lares\" \/>\n<meta property=\"og:description\" content=\"100% Malbec \u2013 Cosecha Manual Luj\u00e1n de Cuyo, Mendoza. Barrica de roble franc\u00e9s durante 6 meses. Color viol\u00e1ceo con destellos rojos. Aromas arm\u00f3nicos de fruta roja (cereza) y negra (mora), higos y a violetas. En boca fresco, amable, potente, equilibrado, con cuerpo agradable y final frutado y un dejo de caf\u00e9 y tabaco.\" \/>\n<meta property=\"og:url\" content=\"https:\/\/vinalares.com\/en\/product\/malbec-lares\/\" \/>\n<meta property=\"og:site_name\" content=\"Vi\u00f1a Lares\" \/>\n<meta property=\"article:publisher\" content=\"https:\/\/www.facebook.com\/vinalares\" \/>\n<meta property=\"article:modified_time\" content=\"2025-09-18T01:26:28+00:00\" \/>\n<meta property=\"og:image\" content=\"https:\/\/vinalares.com\/wp-content\/uploads\/2024\/06\/Imagen-4.jpeg\" \/>\n\t<meta property=\"og:image:width\" content=\"452\" \/>\n\t<meta property=\"og:image:height\" content=\"452\" \/>\n\t<meta property=\"og:image:type\" content=\"image\/jpeg\" \/>\n<meta name=\"twitter:card\" content=\"summary_large_image\" \/>\n<script type=\"application\/ld+json\" class=\"yoast-schema-graph\">{\"@context\":\"https:\/\/schema.org\",\"@graph\":[{\"@type\":\"WebPage\",\"@id\":\"https:\/\/vinalares.com\/producto\/malbec-lares\/\",\"url\":\"https:\/\/vinalares.com\/producto\/malbec-lares\/\",\"name\":\"Vi\u00f1a Lares - Reserva - Malbec 2022 - Vi\u00f1a Lares\",\"isPartOf\":{\"@id\":\"https:\/\/vinalares.com\/en\/#website\"},\"datePublished\":\"2024-06-21T03:39:14+00:00\",\"dateModified\":\"2025-09-18T01:26:28+00:00\",\"breadcrumb\":{\"@id\":\"https:\/\/vinalares.com\/producto\/malbec-lares\/#breadcrumb\"},\"inLanguage\":\"en-US\",\"potentialAction\":[{\"@type\":\"ReadAction\",\"target\":[\"https:\/\/vinalares.com\/producto\/malbec-lares\/\"]}]},{\"@type\":\"BreadcrumbList\",\"@id\":\"https:\/\/vinalares.com\/producto\/malbec-lares\/#breadcrumb\",\"itemListElement\":[{\"@type\":\"ListItem\",\"position\":1,\"name\":\"Portada\",\"item\":\"https:\/\/vinalares.com\/\"},{\"@type\":\"ListItem\",\"position\":2,\"name\":\"Shop\",\"item\":\"https:\/\/vinalares.com\/shop\/\"},{\"@type\":\"ListItem\",\"position\":3,\"name\":\"Vi\u00f1a Lares &#8211; Reserva &#8211; Malbec 2022\"}]},{\"@type\":\"WebSite\",\"@id\":\"https:\/\/vinalares.com\/en\/#website\",\"url\":\"https:\/\/vinalares.com\/en\/\",\"name\":\"Vi\u00f1a Lares\",\"description\":\"Bodega Garage\",\"publisher\":{\"@id\":\"https:\/\/vinalares.com\/en\/#organization\"},\"potentialAction\":[{\"@type\":\"SearchAction\",\"target\":{\"@type\":\"EntryPoint\",\"urlTemplate\":\"https:\/\/vinalares.com\/en\/?s={search_term_string}\"},\"query-input\":\"required name=search_term_string\"}],\"inLanguage\":\"en-US\"},{\"@type\":\"Organization\",\"@id\":\"https:\/\/vinalares.com\/en\/#organization\",\"name\":\"Vi\u00f1a Lares\",\"url\":\"https:\/\/vinalares.com\/en\/\",\"logo\":{\"@type\":\"ImageObject\",\"inLanguage\":\"en-US\",\"@id\":\"https:\/\/vinalares.com\/en\/#\/schema\/logo\/image\/\",\"url\":\"https:\/\/vinalares.com\/wp-content\/uploads\/2021\/07\/cropped-A4044FE5-DE47-43A8-80F0-32DDAFC1183C.png\",\"contentUrl\":\"https:\/\/vinalares.com\/wp-content\/uploads\/2021\/07\/cropped-A4044FE5-DE47-43A8-80F0-32DDAFC1183C.png\",\"width\":512,\"height\":512,\"caption\":\"Vi\u00f1a Lares\"},\"image\":{\"@id\":\"https:\/\/vinalares.com\/en\/#\/schema\/logo\/image\/\"},\"sameAs\":[\"https:\/\/www.facebook.com\/vinalares\"]}]}<\/script>\n<!-- \/ Yoast SEO plugin. -->","yoast_head_json":{"title":"Vi\u00f1a Lares - Reserva - Malbec 2022 - Vi\u00f1a Lares","robots":{"index":"noindex","follow":"follow"},"og_locale":"en_US","og_type":"article","og_title":"Vi\u00f1a Lares - Reserva - Malbec 2022 - Vi\u00f1a Lares","og_description":"100% Malbec \u2013 Cosecha Manual Luj\u00e1n de Cuyo, Mendoza. Barrica de roble franc\u00e9s durante 6 meses. Color viol\u00e1ceo con destellos rojos. Aromas arm\u00f3nicos de fruta roja (cereza) y negra (mora), higos y a violetas. En boca fresco, amable, potente, equilibrado, con cuerpo agradable y final frutado y un dejo de caf\u00e9 y tabaco.","og_url":"https:\/\/vinalares.com\/en\/product\/malbec-lares\/","og_site_name":"Vi\u00f1a Lares","article_publisher":"https:\/\/www.facebook.com\/vinalares","article_modified_time":"2025-09-18T01:26:28+00:00","og_image":[{"width":452,"height":452,"url":"https:\/\/vinalares.com\/wp-content\/uploads\/2024\/06\/Imagen-4.jpeg","type":"image\/jpeg"}],"twitter_card":"summary_large_image","schema":{"@context":"https:\/\/schema.org","@graph":[{"@type":"WebPage","@id":"https:\/\/vinalares.com\/producto\/malbec-lares\/","url":"https:\/\/vinalares.com\/producto\/malbec-lares\/","name":"Vi\u00f1a Lares - Reserva - Malbec 2022 - Vi\u00f1a Lares","isPartOf":{"@id":"https:\/\/vinalares.com\/en\/#website"},"datePublished":"2024-06-21T03:39:14+00:00","dateModified":"2025-09-18T01:26:28+00:00","breadcrumb":{"@id":"https:\/\/vinalares.com\/producto\/malbec-lares\/#breadcrumb"},"inLanguage":"en-US","potentialAction":[{"@type":"ReadAction","target":["https:\/\/vinalares.com\/producto\/malbec-lares\/"]}]},{"@type":"BreadcrumbList","@id":"https:\/\/vinalares.com\/producto\/malbec-lares\/#breadcrumb","itemListElement":[{"@type":"ListItem","position":1,"name":"Portada","item":"https:\/\/vinalares.com\/"},{"@type":"ListItem","position":2,"name":"Shop","item":"https:\/\/vinalares.com\/shop\/"},{"@type":"ListItem","position":3,"name":"Vi\u00f1a Lares &#8211; Reserva &#8211; Malbec 2022"}]},{"@type":"WebSite","@id":"https:\/\/vinalares.com\/en\/#website","url":"https:\/\/vinalares.com\/en\/","name":"Vi\u00f1a Lares","description":"Bodega Garage","publisher":{"@id":"https:\/\/vinalares.com\/en\/#organization"},"potentialAction":[{"@type":"SearchAction","target":{"@type":"EntryPoint","urlTemplate":"https:\/\/vinalares.com\/en\/?s={search_term_string}"},"query-input":"required name=search_term_string"}],"inLanguage":"en-US"},{"@type":"Organization","@id":"https:\/\/vinalares.com\/en\/#organization","name":"Vi\u00f1a Lares","url":"https:\/\/vinalares.com\/en\/","logo":{"@type":"ImageObject","inLanguage":"en-US","@id":"https:\/\/vinalares.com\/en\/#\/schema\/logo\/image\/","url":"https:\/\/vinalares.com\/wp-content\/uploads\/2021\/07\/cropped-A4044FE5-DE47-43A8-80F0-32DDAFC1183C.png","contentUrl":"https:\/\/vinalares.com\/wp-content\/uploads\/2021\/07\/cropped-A4044FE5-DE47-43A8-80F0-32DDAFC1183C.png","width":512,"height":512,"caption":"Vi\u00f1a Lares"},"image":{"@id":"https:\/\/vinalares.com\/en\/#\/schema\/logo\/image\/"},"sameAs":["https:\/\/www.facebook.com\/vinalares"]}]}},"_links":{"self":[{"href":"https:\/\/vinalares.com\/en\/wp-json\/wp\/v2\/product\/19973","targetHints":{"allow":["GET"]}}],"collection":[{"href":"https:\/\/vinalares.com\/en\/wp-json\/wp\/v2\/product"}],"about":[{"href":"https:\/\/vinalares.com\/en\/wp-json\/wp\/v2\/types\/product"}],"replies":[{"embeddable":true,"href":"https:\/\/vinalares.com\/en\/wp-json\/wp\/v2\/comments?post=19973"}],"wp:featuredmedia":[{"embeddable":true,"href":"https:\/\/vinalares.com\/en\/wp-json\/wp\/v2\/media\/19977"}],"wp:attachment":[{"href":"https:\/\/vinalares.com\/en\/wp-json\/wp\/v2\/media?parent=19973"}],"wp:term":[{"taxonomy":"product_cat","embeddable":true,"href":"https:\/\/vinalares.com\/en\/wp-json\/wp\/v2\/product_cat?post=19973"},{"taxonomy":"product_tag","embeddable":true,"href":"https:\/\/vinalares.com\/en\/wp-json\/wp\/v2\/product_tag?post=19973"}],"curies":[{"name":"wp","href":"https:\/\/api.w.org\/{rel}","templated":true}]}}